{"id":8,"date":"2023-07-25T16:44:33","date_gmt":"2023-07-25T14:44:33","guid":{"rendered":"https:\/\/patrouilleur17.fr\/?page_id=8"},"modified":"2023-08-05T10:28:20","modified_gmt":"2023-08-05T08:28:20","slug":"depannage-auto-moto-charente-maritime","status":"publish","type":"page","link":"https:\/\/patrouilleur17.fr\/","title":{"rendered":"Depannage auto moto Charente Maritime"},"content":{"rendered":"<p>[et_pb_section fb_built=\u00a0\u00bb1&Prime; _builder_version=\u00a0\u00bb4.16&Prime; _module_preset=\u00a0\u00bbdefault\u00a0\u00bb background_color=\u00a0\u00bbrgba(214,214,214,0.39)\u00a0\u00bb global_colors_info=\u00a0\u00bb{}\u00a0\u00bb][et_pb_row _builder_version=\u00a0\u00bb4.16&Prime; _module_preset=\u00a0\u00bbdefault\u00a0\u00bb global_colors_info=\u00a0\u00bb{}\u00a0\u00bb][et_pb_column type=\u00a0\u00bb4_4&Prime; _builder_version=\u00a0\u00bb4.16&Prime; _module_preset=\u00a0\u00bbdefault\u00a0\u00bb global_colors_info=\u00a0\u00bb{}\u00a0\u00bb][et_pb_text _builder_version=\u00a0\u00bb4.21.0&Prime; _module_preset=\u00a0\u00bbdefault\u00a0\u00bb header_2_font=\u00a0\u00bbGeorgia||||||||\u00a0\u00bb header_4_font=\u00a0\u00bbGeorgia||||||||\u00a0\u00bb global_colors_info=\u00a0\u00bb{}\u00a0\u00bb]<\/p>\n<h2 style=\"text-align: center;\">D\u00e9pannage remorquage automobile<\/h2>\n<h2 style=\"text-align: center;\">D\u00e9panneuse auto &#8211; moto<\/h2>\n<h2 style=\"text-align: center;\">Sauf sur autoroute<\/h2>\n<h2 style=\"text-align: center;\">\u00a0Appel d&rsquo;urgence 7\/7 et 24\/24<\/h2>\n<p>[\/et_pb_text][et_pb_image src=\u00a0\u00bbhttps:\/\/patrouilleur17.fr\/wp-content\/uploads\/2023\/07\/camion-1-ok.jpg\u00a0\u00bb alt=\u00a0\u00bbD\u00e9panneuse Charente maritime \u00a0\u00bb title_text=\u00a0\u00bbcamion-1-ok\u00a0\u00bb align=\u00a0\u00bbcenter\u00a0\u00bb _builder_version=\u00a0\u00bb4.16&Prime; _module_preset=\u00a0\u00bbdefault\u00a0\u00bb animation=\u00a0\u00bboff\u00a0\u00bb global_colors_info=\u00a0\u00bb%91%93&Prime;][\/et_pb_image][et_pb_text _builder_version=\u00a0\u00bb4.21.0&Prime; _module_preset=\u00a0\u00bbdefault\u00a0\u00bb header_font=\u00a0\u00bbGeorgia||||||||\u00a0\u00bb header_font_size=\u00a0\u00bb26px\u00a0\u00bb header_2_font=\u00a0\u00bbChivo||||||||\u00a0\u00bb header_2_text_color=\u00a0\u00bb#6B6B6B\u00a0\u00bb header_2_font_size=\u00a0\u00bb21px\u00a0\u00bb header_4_font=\u00a0\u00bbChivo||||||||\u00a0\u00bb header_4_font_size=\u00a0\u00bb16px\u00a0\u00bb custom_margin=\u00a0\u00bb22px||||false|false\u00a0\u00bb custom_margin_tablet=\u00a0\u00bb\u00a0\u00bb custom_margin_phone=\u00a0\u00bb\u00a0\u00bb custom_margin_last_edited=\u00a0\u00bbon|phone\u00a0\u00bb custom_padding=\u00a0\u00bb|10px||10px|false|false\u00a0\u00bb global_colors_info=\u00a0\u00bb{}\u00a0\u00bb]<\/p>\n<h2>D\u00e9panneuse Charente Maritime \/ Saint Jean d&rsquo;Angely \/ Tonnay-Boutonne \/ Saint Savinien \/ Tonnay-Charente \/ Saintes \/ Royan<\/h2>\n<p>[\/et_pb_text][et_pb_button button_url=\u00a0\u00bbtel:+33661863995&Prime; button_text=\u00a0\u00bb06 61 86 39 95&Prime; button_alignment=\u00a0\u00bbcenter\u00a0\u00bb _builder_version=\u00a0\u00bb4.16&Prime; _module_preset=\u00a0\u00bbdefault\u00a0\u00bb custom_button=\u00a0\u00bbon\u00a0\u00bb button_text_color=\u00a0\u00bb#0012e2&Prime; global_colors_info=\u00a0\u00bb{}\u00a0\u00bb][\/et_pb_button][et_pb_text _builder_version=\u00a0\u00bb4.21.0&Prime; _module_preset=\u00a0\u00bbdefault\u00a0\u00bb text_font=\u00a0\u00bbChivo||||||||\u00a0\u00bb header_2_font=\u00a0\u00bbGeorgia||||||||\u00a0\u00bb global_colors_info=\u00a0\u00bb{}\u00a0\u00bb]<\/p>\n<h2>En panne au bord de la route, Patrouilleur 17 vous secours<\/h2>\n<p>La d\u00e9panneuse de Vincent intervient sur la Charente-Maritime, la Charente, le nord Gironde et le sud des Deux S\u00e8vres.<\/p>\n<p>Il vous conduira, votre v\u00e9hicule et vos passagers, la d\u00e9panneuse dispose d&rsquo;une cabine de 7 places, \u00a0jusqu&rsquo;au garage de votre choix.<\/p>\n<p>Remorquage de voiture et de moto sur toutes distances.<\/p>\n<h5 style=\"text-align: center;\"><\/h5>\n<p>[\/et_pb_text][et_pb_image src=\u00a0\u00bbhttps:\/\/patrouilleur17.fr\/wp-content\/uploads\/2023\/07\/remorquage-4.jpg.webp\u00a0\u00bb alt=\u00a0\u00bbremorquage voiture Charente maritime\u00a0\u00bb title_text=\u00a0\u00bbremorquage-4.jpg\u00a0\u00bb align=\u00a0\u00bbcenter\u00a0\u00bb _builder_version=\u00a0\u00bb4.16&Prime; _module_preset=\u00a0\u00bbdefault\u00a0\u00bb animation=\u00a0\u00bboff\u00a0\u00bb global_colors_info=\u00a0\u00bb%91%93&Prime;][\/et_pb_image][et_pb_text _builder_version=\u00a0\u00bb4.21.0&Prime; _module_preset=\u00a0\u00bbdefault\u00a0\u00bb text_font=\u00a0\u00bbChivo||||||||\u00a0\u00bb header_2_font=\u00a0\u00bbGeorgia||||||||\u00a0\u00bb global_colors_info=\u00a0\u00bb{}\u00a0\u00bb]<\/p>\n<h2>Rapatriement et convoyage auto et moto\u00a0<\/h2>\n<p>Votre voiture est rest\u00e9e dans un garage, vous avez achet\u00e9 une voiture de collection, vincent transporte votre v\u00e9hicule jusqu&rsquo;\u00e0 chez vous.<\/p>\n<p>Remorquage de voiture et de moto sur toutes distances.<\/p>\n<p>Devis gratuit sur simple appel t\u00e9l\u00e9phonique<\/p>\n<h5 style=\"text-align: center;\"><\/h5>\n<p>[\/et_pb_text][et_pb_button button_url=\u00a0\u00bbtel:+33661863995&Prime; button_text=\u00a0\u00bb06 61 86 39 95&Prime; button_alignment=\u00a0\u00bbcenter\u00a0\u00bb _builder_version=\u00a0\u00bb4.16&Prime; _module_preset=\u00a0\u00bbdefault\u00a0\u00bb custom_button=\u00a0\u00bbon\u00a0\u00bb button_text_color=\u00a0\u00bb#0012e2&Prime; global_colors_info=\u00a0\u00bb{}\u00a0\u00bb][\/et_pb_button][et_pb_divider _builder_version=\u00a0\u00bb4.16&Prime; _module_preset=\u00a0\u00bbdefault\u00a0\u00bb global_colors_info=\u00a0\u00bb{}\u00a0\u00bb][\/et_pb_divider][\/et_pb_column][\/et_pb_row][et_pb_row admin_label=\u00a0\u00bbTarifs\u00a0\u00bb _builder_version=\u00a0\u00bb4.16&Prime; _module_preset=\u00a0\u00bbdefault\u00a0\u00bb global_colors_info=\u00a0\u00bb{}\u00a0\u00bb][et_pb_column type=\u00a0\u00bb4_4&Prime; _builder_version=\u00a0\u00bb4.16&Prime; _module_preset=\u00a0\u00bbdefault\u00a0\u00bb global_colors_info=\u00a0\u00bb{}\u00a0\u00bb][et_pb_text _builder_version=\u00a0\u00bb4.16&Prime; _module_preset=\u00a0\u00bbdefault\u00a0\u00bb header_2_font=\u00a0\u00bbGeorgia||||||||\u00a0\u00bb custom_padding=\u00a0\u00bb15px||||false|false\u00a0\u00bb global_colors_info=\u00a0\u00bb{}\u00a0\u00bb]<\/p>\n<h2 style=\"text-align: center;\">Tarifs de remorquage<\/h2>\n<p>[\/et_pb_text][et_pb_toggle title=\u00a0\u00bbForfait de jour\u00a0\u00bb _builder_version=\u00a0\u00bb4.21.0&Prime; _module_preset=\u00a0\u00bbdefault\u00a0\u00bb title_font=\u00a0\u00bbGeorgia||||||||\u00a0\u00bb body_font=\u00a0\u00bbChivo||||||||\u00a0\u00bb hover_enabled=\u00a0\u00bb0&Prime; global_colors_info=\u00a0\u00bb{}\u00a0\u00bb sticky_enabled=\u00a0\u00bb0&Prime;]<\/p>\n<p>Trajet inf\u00e9rieur \u00e0 10 km : 90 \u20ac<\/p>\n<p>Trajet inf\u00e9rieur \u00e0 20 km : 115 \u20ac<\/p>\n<p>Au del\u00e0 de 20 km, le kilom\u00e8tre suppl\u00e9mentaire est factur\u00e9 1,80 \u20ac<\/p>\n<p>Le tarif de jour s&rsquo;applique de 8h \u00e0 18h<\/p>\n<p>[\/et_pb_toggle][et_pb_toggle title=\u00a0\u00bbForfait de nuit, weekend et jour f\u00e9ri\u00e9\u00a0\u00bb _builder_version=\u00a0\u00bb4.21.0&Prime; _module_preset=\u00a0\u00bbdefault\u00a0\u00bb title_font=\u00a0\u00bbGeorgia||||||||\u00a0\u00bb body_font=\u00a0\u00bbChivo||||||||\u00a0\u00bb hover_enabled=\u00a0\u00bb0&Prime; global_colors_info=\u00a0\u00bb{}\u00a0\u00bb sticky_enabled=\u00a0\u00bb0&Prime;]<\/p>\n<p>Trajet inf\u00e9rieur \u00e0 10 km : 95 \u20ac<\/p>\n<p>Trajet inf\u00e9rieur \u00e0 20 km : 125 \u20ac<\/p>\n<p>Au del\u00e0 de 20 km le kilom\u00e8tre suppl\u00e9mentaire est factur\u00e9 2 \u20ac<\/p>\n<p>Le tarif de nuit s&rsquo;applique de 18h \u00e0 8h<\/p>\n<p>[\/et_pb_toggle][et_pb_toggle title=\u00a0\u00bbSuppl\u00e9ments\u00a0\u00bb _builder_version=\u00a0\u00bb4.21.0&Prime; _module_preset=\u00a0\u00bbdefault\u00a0\u00bb title_font=\u00a0\u00bbGeorgia||||||||\u00a0\u00bb body_font=\u00a0\u00bbChivo||||||||\u00a0\u00bb global_colors_info=\u00a0\u00bb{}\u00a0\u00bb]<\/p>\n<p>Suppl\u00e9ment treuillage : 50 \u20ac<\/p>\n<p>Suppl\u00e9ment co\u00fbt de c\u00e2ble : 50 \u20ac<\/p>\n<p>[\/et_pb_toggle][et_pb_text _builder_version=\u00a0\u00bb4.16&Prime; _module_preset=\u00a0\u00bbdefault\u00a0\u00bb text_font=\u00a0\u00bbChivo||||||||\u00a0\u00bb global_colors_info=\u00a0\u00bb{}\u00a0\u00bb]<\/p>\n<p>Le calcul du kilom\u00e8trage comprend le d\u00e9placement du d\u00e9panneur jusqu&rsquo;au v\u00e9hicule et le distance de remorquage jusqu&rsquo;au lieu de d\u00e9chargement.<\/p>\n<p>[\/et_pb_text][\/et_pb_column][\/et_pb_row][\/et_pb_section]<\/p>\n","protected":false},"excerpt":{"rendered":"<p>D\u00e9pannage remorquage automobile D\u00e9panneuse auto &#8211; moto Sauf sur autoroute \u00a0Appel d&rsquo;urgence 7\/7 et 24\/24D\u00e9panneuse Charente Maritime \/ Saint Jean d&rsquo;Angely \/ Tonnay-Boutonne \/ Saint Savinien \/ Tonnay-Charente \/ Saintes \/ RoyanEn panne au bord de la route, Patrouilleur 17 vous secours La d\u00e9panneuse de Vincent intervient sur la Charente-Maritime, la Charente, le nord Gironde [&hellip;]<\/p>\n","protected":false},"author":1,"featured_media":0,"parent":0,"menu_order":0,"comment_status":"closed","ping_status":"closed","template":"","meta":{"_et_pb_use_builder":"on","_et_pb_old_content":"","_et_gb_content_width":"","_joinchat":[],"footnotes":""},"class_list":["post-8","page","type-page","status-publish","hentry"],"_links":{"self":[{"href":"https:\/\/patrouilleur17.fr\/index.php\/wp-json\/wp\/v2\/pages\/8","targetHints":{"allow":["GET"]}}],"collection":[{"href":"https:\/\/patrouilleur17.fr\/index.php\/wp-json\/wp\/v2\/pages"}],"about":[{"href":"https:\/\/patrouilleur17.fr\/index.php\/wp-json\/wp\/v2\/types\/page"}],"author":[{"embeddable":true,"href":"https:\/\/patrouilleur17.fr\/index.php\/wp-json\/wp\/v2\/users\/1"}],"replies":[{"embeddable":true,"href":"https:\/\/patrouilleur17.fr\/index.php\/wp-json\/wp\/v2\/comments?post=8"}],"version-history":[{"count":5,"href":"https:\/\/patrouilleur17.fr\/index.php\/wp-json\/wp\/v2\/pages\/8\/revisions"}],"predecessor-version":[{"id":28297,"href":"https:\/\/patrouilleur17.fr\/index.php\/wp-json\/wp\/v2\/pages\/8\/revisions\/28297"}],"wp:attachment":[{"href":"https:\/\/patrouilleur17.fr\/index.php\/wp-json\/wp\/v2\/media?parent=8"}],"curies":[{"name":"wp","href":"https:\/\/api.w.org\/{rel}","templated":true}]}}